{"id":216,"date":"2013-05-10T21:11:02","date_gmt":"2013-05-10T19:11:02","guid":{"rendered":"http:\/\/womensvoice-neulussheim.de\/blog\/?page_id=216"},"modified":"2018-06-15T08:48:18","modified_gmt":"2018-06-15T06:48:18","slug":"unser-musical-wenn-traume-reisen","status":"publish","type":"page","link":"https:\/\/womensvoice-neulussheim.de\/blog\/unser-musical-wenn-traume-reisen\/","title":{"rendered":"Unser Musical \u201eWenn Tr\u00e4ume reisen&#8220;"},"content":{"rendered":"<div data-carousel-extra='{\"blog_id\":1,\"permalink\":\"https:\\\/\\\/womensvoice-neulussheim.de\\\/blog\\\/unser-musical-wenn-traume-reisen\\\/\"}' id='gallery-1' class='gallery galleryid-216 gallery-columns-4 gallery-size-thumbnail'><figure class='gallery-item'>\n\t\t\t<div class='gallery-icon portrait'>\n\t\t\t\t<a href='https:\/\/womensvoice-neulussheim.de\/blog\/unser-musical-wenn-traume-reisen\/wenn-traume-reisen-622\/'><img loading=\"lazy\" decoding=\"async\" data-attachment-id=\"492\" data-orig-file=\"https:\/\/womensvoice-neulussheim.de\/blog\/wp-content\/uploads\/2013\/06\/Wenn-Tr\u00e4ume-reisen-622-e1370191183442.jpg\" data-orig-size=\"1000,1505\" data-comments-opened=\"1\" data-image-meta=\"{&quot;aperture&quot;:&quot;4.2&quot;,&quot;credit&quot;:&quot;Picasa&quot;,&quot;camera&quot;:&quot;NIKON D300S&quot;,&quot;caption&quot;:&quot;&quot;,&quot;created_timestamp&quot;:&quot;1302302621&quot;,&quot;copyright&quot;:&quot;&quot;,&quot;focal_length&quot;:&quot;46&quot;,&quot;iso&quot;:&quot;2000&quot;,&quot;shutter_speed&quot;:&quot;0.025&quot;,&quot;title&quot;:&quot;&quot;}\" data-image-title=\"Foto Musical Luftballon\" data-image-description=\"\" data-medium-file=\"https:\/\/womensvoice-neulussheim.de\/blog\/wp-content\/uploads\/2013\/06\/Wenn-Tr\u00e4ume-reisen-622-199x300.jpg\" data-large-file=\"https:\/\/womensvoice-neulussheim.de\/blog\/wp-content\/uploads\/2013\/06\/Wenn-Tr\u00e4ume-reisen-622-680x1024.jpg\" title=\"Foto Musical Luftballon\" width=\"150\" height=\"150\" src=\"https:\/\/womensvoice-neulussheim.de\/blog\/wp-content\/uploads\/2013\/06\/Wenn-Tr\u00e4ume-reisen-622-150x150.jpg\" class=\"attachment-thumbnail size-thumbnail\" alt=\"\" \/><\/a>\n\t\t\t<\/div><\/figure><figure class='gallery-item'>\n\t\t\t<div class='gallery-icon landscape'>\n\t\t\t\t<a href='https:\/\/womensvoice-neulussheim.de\/blog\/unser-musical-wenn-traume-reisen\/wenn-traume-reisen-857\/'><img loading=\"lazy\" decoding=\"async\" data-attachment-id=\"507\" data-orig-file=\"https:\/\/womensvoice-neulussheim.de\/blog\/wp-content\/uploads\/2013\/06\/Wenn-Tr\u00e4ume-reisen-857-e1381915166715.jpg\" data-orig-size=\"1000,664\" data-comments-opened=\"1\" data-image-meta=\"{&quot;aperture&quot;:&quot;3.8&quot;,&quot;credit&quot;:&quot;Picasa&quot;,&quot;camera&quot;:&quot;NIKON D300S&quot;,&quot;caption&quot;:&quot;&quot;,&quot;created_timestamp&quot;:&quot;1302379620&quot;,&quot;copyright&quot;:&quot;&quot;,&quot;focal_length&quot;:&quot;35&quot;,&quot;iso&quot;:&quot;2000&quot;,&quot;shutter_speed&quot;:&quot;0.025&quot;,&quot;title&quot;:&quot;&quot;}\" data-image-title=\"Foto Musical\" data-image-description=\"\" data-medium-file=\"https:\/\/womensvoice-neulussheim.de\/blog\/wp-content\/uploads\/2013\/06\/Wenn-Tr\u00e4ume-reisen-857-300x199.jpg\" data-large-file=\"https:\/\/womensvoice-neulussheim.de\/blog\/wp-content\/uploads\/2013\/06\/Wenn-Tr\u00e4ume-reisen-857-1024x680.jpg\" title=\"Foto Musical\" width=\"150\" height=\"150\" src=\"https:\/\/womensvoice-neulussheim.de\/blog\/wp-content\/uploads\/2013\/06\/Wenn-Tr\u00e4ume-reisen-857-150x150.jpg\" class=\"attachment-thumbnail size-thumbnail\" alt=\"\" \/><\/a>\n\t\t\t<\/div><\/figure><figure class='gallery-item'>\n\t\t\t<div class='gallery-icon landscape'>\n\t\t\t\t<a href='https:\/\/womensvoice-neulussheim.de\/blog\/unser-musical-wenn-traume-reisen\/wenn-traume-reisen-128\/'><img loading=\"lazy\" decoding=\"async\" data-attachment-id=\"494\" data-orig-file=\"https:\/\/womensvoice-neulussheim.de\/blog\/wp-content\/uploads\/2013\/06\/Wenn-Tr\u00e4ume-reisen-128-e1381915096507.jpg\" data-orig-size=\"1000,664\" data-comments-opened=\"1\" data-image-meta=\"{&quot;aperture&quot;:&quot;5.6&quot;,&quot;credit&quot;:&quot;Picasa&quot;,&quot;camera&quot;:&quot;NIKON D300S&quot;,&quot;caption&quot;:&quot;&quot;,&quot;created_timestamp&quot;:&quot;1302289938&quot;,&quot;copyright&quot;:&quot;&quot;,&quot;focal_length&quot;:&quot;110&quot;,&quot;iso&quot;:&quot;800&quot;,&quot;shutter_speed&quot;:&quot;0.0333333333333&quot;,&quot;title&quot;:&quot;&quot;}\" data-image-title=\"Foto Musical B\u00fchnenbild\" data-image-description=\"\" data-medium-file=\"https:\/\/womensvoice-neulussheim.de\/blog\/wp-content\/uploads\/2013\/06\/Wenn-Tr\u00e4ume-reisen-128-300x199.jpg\" data-large-file=\"https:\/\/womensvoice-neulussheim.de\/blog\/wp-content\/uploads\/2013\/06\/Wenn-Tr\u00e4ume-reisen-128-1024x680.jpg\" title=\"Foto Musical B\u00fchnenbild\" width=\"150\" height=\"150\" src=\"https:\/\/womensvoice-neulussheim.de\/blog\/wp-content\/uploads\/2013\/06\/Wenn-Tr\u00e4ume-reisen-128-150x150.jpg\" class=\"attachment-thumbnail size-thumbnail\" alt=\"\" \/><\/a>\n\t\t\t<\/div><\/figure><figure class='gallery-item'>\n\t\t\t<div class='gallery-icon landscape'>\n\t\t\t\t<a href='https:\/\/womensvoice-neulussheim.de\/blog\/unser-musical-wenn-traume-reisen\/sony-dsc-2\/'><img loading=\"lazy\" decoding=\"async\" data-attachment-id=\"498\" data-orig-file=\"https:\/\/womensvoice-neulussheim.de\/blog\/wp-content\/uploads\/2013\/06\/Wenn-Tr\u00e4ume-reisen-080-e1381915130762.jpg\" data-orig-size=\"1000,666\" data-comments-opened=\"1\" data-image-meta=\"{&quot;aperture&quot;:&quot;4.5&quot;,&quot;credit&quot;:&quot;Picasa&quot;,&quot;camera&quot;:&quot;DSLR-A350&quot;,&quot;caption&quot;:&quot;&quot;,&quot;created_timestamp&quot;:&quot;1302377970&quot;,&quot;copyright&quot;:&quot;&quot;,&quot;focal_length&quot;:&quot;50&quot;,&quot;iso&quot;:&quot;320&quot;,&quot;shutter_speed&quot;:&quot;0.0125&quot;,&quot;title&quot;:&quot;SONY DSC&quot;}\" data-image-title=\"Foto Musical Rentner\" data-image-description=\"\" data-medium-file=\"https:\/\/womensvoice-neulussheim.de\/blog\/wp-content\/uploads\/2013\/06\/Wenn-Tr\u00e4ume-reisen-080-300x199.jpg\" data-large-file=\"https:\/\/womensvoice-neulussheim.de\/blog\/wp-content\/uploads\/2013\/06\/Wenn-Tr\u00e4ume-reisen-080-1024x681.jpg\" title=\"Foto Musical Rentner\" width=\"150\" height=\"150\" src=\"https:\/\/womensvoice-neulussheim.de\/blog\/wp-content\/uploads\/2013\/06\/Wenn-Tr\u00e4ume-reisen-080-150x150.jpg\" class=\"attachment-thumbnail size-thumbnail\" alt=\"\" \/><\/a>\n\t\t\t<\/div><\/figure>\n\t\t<\/div>\n\n<h4 style=\"text-align: left;\"><\/h4>\n<h4 style=\"text-align: left;\">Tr\u00e4ume sind etwas Wunderbares. Es ist wichtig, ihnen nachzugehen. Ab und zu erreicht man seine Ziele aber nur \u00fcber Umwege,<\/h4>\n<h4 style=\"text-align: left;\">manchmal muss man ihnen sogar auf die Spr\u00fcnge helfen.<\/h4>\n<h4 style=\"text-align: left;\">F\u00fcr uns erf\u00fcllte sich der Traum vom <strong><span style=\"text-decoration: underline;\"><a title=\"1. Musical Auff\u00fchrung in der Aula der Lu\u00dfhardtschule\" href=\"http:\/\/womensvoice-neulussheim.de\/blog\/1-musical-auffuhrung-in-der-aula-der-lushardtschule\/\"><span style=\"color: #449c89; text-decoration: underline;\">eigenen Musical im Jahr 2011.<\/span><\/a><\/span><\/strong> P\u00fcnktlich zum 100-j\u00e4hrigen Jubil\u00e4um des AGV \u201eHarmonie\u201c 1911 Neulu\u00dfheim e.V..<\/h4>\n<h4 style=\"text-align: left;\">Fast zwei Jahre hat es gedauert, bis es von der Idee zu den Auff\u00fchrungen vor voll besetztem Haus, im April und Oktober 2011, kam.<\/h4>\n<h4 style=\"text-align: left;\"><\/h4>\n<h4 style=\"text-align: left;\"><span style=\"text-decoration: underline;\"><b>Die Geschichte<\/b><\/span><\/h4>\n<h4 style=\"text-align: left;\">Das Musical \u201eWenn Tr\u00e4ume reisen\u201c aus der Feder von unserer S\u00e4ngerin Annette Schmid dreht sich um Julia, Paul und Anna, drei Menschen, die sich zuf\u00e4llig treffen, auf der Suche nach dem Gl\u00fcck in der gro\u00dfen Stadt. Die J\u00fcngste verarbeitet gerade die Trennung von ihrem Freund und sucht dort einen neuen Job, der heimatverwurzelte Koch mittleren Alters tr\u00e4umt vom eigenen Restaurant, und versucht sich jetzt als Chefkoch in einem Edel-Restaurant.<\/h4>\n<h4 style=\"text-align: left;\">Die in die Jahre gekommene Anna schlie\u00dflich will endlich noch mal etwas erleben, und beginnt als Pflegerin in einem Seniorenheim zu arbeiten. Doch es kommt anders als erwartet. In der Stadt finden die drei Dorfbewohner nicht das gro\u00dfe Gl\u00fcck, und so kehren sie einige Monate sp\u00e4ter wieder zur\u00fcck. Paul erf\u00fcllt sich mit der \u201eNeuen Welt\u201c seinen gro\u00dfen Traum, findet \u00a0in Julia seine gro\u00dfe Liebe, und Anna wird Teilhaberin des neuen Gasthauses.<\/h4>\n<h4 style=\"text-align: left;\"><\/h4>\n<h4 style=\"text-align: justify;\"><span style=\"text-decoration: underline;\"><b>Die Musik<\/b><\/span><\/h4>\n<h4>Wie die Geschichte, so ist auch die Musik vollkommen selbst geschrieben. S\u00e4ngerin Julia Willberger und Dirigent Alexander Mudrow sind die musikalischen K\u00f6pfe der insgesamt zw\u00f6lf Lieder. Sie haben zu den Texten von Annette Schmid die Musik komponiert und arrangiert.<\/h4>\n<h6><span style=\"color: #000000;\">\u00a0<\/span><span style=\"color: #e86d47;\">1. Tr\u00e4ume brauchen Fl\u00fcgel<\/span><\/h6>\n<h6><span style=\"color: #e86d47;\">\u00a02. Kein alter Teppich<\/span><\/h6>\n<h6><span style=\"color: #e86d47;\">\u00a03. Julias Lied<\/span><\/h6>\n<h6><span style=\"color: #e86d47;\">\u00a04. Mut<\/span><\/h6>\n<h6><span style=\"color: #e86d47;\">\u00a05. Wie ein Blatt im Wind<\/span><\/h6>\n<h6><span style=\"color: #e86d47;\">\u00a06. Rentner Song<\/span><\/h6>\n<h6><span style=\"color: #e86d47;\">\u00a07. Zeit<\/span><\/h6>\n<h6><span style=\"color: #e86d47;\">\u00a08. Ich brauche einen Kompass<\/span><\/h6>\n<h6><span style=\"color: #e86d47;\">\u00a09. Lichter der Stadt<\/span><\/h6>\n<h6><span style=\"color: #e86d47;\">10. Koch aus Leidenschaft<\/span><\/h6>\n<h6><span style=\"color: #e86d47;\">11. Joe, der Barkeeper<\/span><\/h6>\n<h6><span style=\"color: #e86d47;\">12. Du bist endlich da<\/span><\/h6>\n<h6><span style=\"color: #e86d47;\">\u00a0Tr\u00e4ume brauchen Fl\u00fcgel (Reprise)<\/span><\/h6>\n<h4 style=\"text-align: justify;\"><\/h4>\n<h4 style=\"text-align: justify;\"><span style=\"text-decoration: underline;\"><b>Die Gestaltung<\/b><\/span><\/h4>\n<h4>Auch Kulisse und Requisiten waren selbst gemacht, einfach und wirkungsvoll.<\/h4>\n<h4>Zwei gro\u00dfe Fotografien auf Leinwand setzten den Rahmen f\u00fcr den Ort, kleine Tische, ein Bett oder Schilder zeigten, wo sich die Geschichte gerade abspielte.<\/h4>\n<h4><\/h4>\n<h4 style=\"text-align: justify;\"><span style=\"text-decoration: underline;\"><b>Die Darsteller<\/b><\/span><\/h4>\n<h4 style=\"text-align: justify;\">Anna: \u00a0 \u00a0 \u00a0 \u00a0 \u00a0 \u00a0 \u00a0 \u00a0 \u00a0 \u00a0 \u00a0 \u00a0 \u00a0Heidi Ro\u00df, Andrea B\u00fchler<\/h4>\n<h4 style=\"text-align: justify;\">Julia: \u00a0 \u00a0 \u00a0 \u00a0 \u00a0 \u00a0 \u00a0 \u00a0 \u00a0 \u00a0 \u00a0 \u00a0 \u00a0 \u00a0Regina Martens, Kathy Schulze<\/h4>\n<h4 style=\"text-align: justify;\">Paul: \u00a0 \u00a0 \u00a0 \u00a0 \u00a0 \u00a0 \u00a0 \u00a0 \u00a0 \u00a0 \u00a0 \u00a0 \u00a0 \u00a0Renate Langham, Andrea Meffert<\/h4>\n<h4 style=\"text-align: justify;\"><\/h4>\n<h4 style=\"text-align: justify;\">Portier: \u00a0 \u00a0 \u00a0 \u00a0 \u00a0 \u00a0 \u00a0 \u00a0 \u00a0 \u00a0 \u00a0 Helga Echtmann, Karin Hinzmann<\/h4>\n<h4 style=\"text-align: justify;\">Senioren: \u00a0 \u00a0 \u00a0 \u00a0 \u00a0 \u00a0 \u00a0 \u00a0 \u00a0 Annette Buchm\u00fcller, Heike Ullrich, Martina Ernst, Claudia Richter<\/h4>\n<h4 style=\"text-align: justify;\">Alte: \u00a0 \u00a0 \u00a0 \u00a0 \u00a0 \u00a0 \u00a0 \u00a0 \u00a0 \u00a0 \u00a0 \u00a0 \u00a0\u00a0 Ingrid Werdan, Gisela Eisinger<\/h4>\n<h4 style=\"text-align: justify;\">Restaurantchef: \u00a0 \u00a0 \u00a0 Tanja B\u00f6hl<\/h4>\n<h4 style=\"text-align: justify;\">Frau Mitzelsberger: Sigrid G\u00f6belt, Marion Bergmann<\/h4>\n<h4 style=\"text-align: justify;\">Joe: \u00a0 \u00a0 \u00a0 \u00a0 \u00a0 \u00a0 \u00a0 \u00a0 \u00a0 \u00a0 \u00a0 \u00a0 \u00a0 \u00a0\u00a0 Heike Ullrich<\/h4>\n<h4 style=\"text-align: justify;\"><\/h4>\n<h4 style=\"text-align: justify;\">Souffleuse: \u00a0 \u00a0 \u00a0 \u00a0 \u00a0 \u00a0 \u00a0 \u00a0 Jodi Mazic<\/h4>\n<h4 style=\"text-align: justify;\">Technik: \u00a0 \u00a0 \u00a0 \u00a0 \u00a0 \u00a0 \u00a0 \u00a0 \u00a0 \u00a0 \u00a0J\u00fcrgen B\u00fchler, Rainer Burger<\/h4>\n<h4 style=\"text-align: justify;\">B\u00fchne: \u00a0 \u00a0 \u00a0 \u00a0 \u00a0 \u00a0 \u00a0 \u00a0 \u00a0 \u00a0 \u00a0 \u00a0Susanna Weis<\/h4>\n<h4 style=\"text-align: justify;\"><\/h4>\n<h4 style=\"text-align: justify;\">Organisation: \u00a0 \u00a0 \u00a0 \u00a0 \u00a0 \u00a0Renate Hettwer, Elke Vaudlet<\/h4>\n<h4 style=\"text-align: justify;\">Musikal. Leitung: \u00a0 \u00a0\u00a0 Alexander Mudrow<\/h4>\n<h4 style=\"text-align: justify;\">Playbacks: \u00a0 \u00a0 \u00a0 \u00a0 \u00a0 \u00a0 \u00a0 \u00a0\u00a0 Julia Willberger, Alexander Mudrow<\/h4>\n<h4 style=\"text-align: justify;\"><\/h4>\n<h4 style=\"text-align: justify;\">Buch &amp; Regie: \u00a0 \u00a0 \u00a0 \u00a0 \u00a0 \u00a0Annette Schmid, Claudia Richter<\/h4>\n<h4 style=\"text-align: justify;\"><\/h4>\n<p>&nbsp;<\/p>\n<h4 style=\"text-align: justify;\"><span style=\"text-decoration: underline; color: #e86d47;\"><b>Fortsetzung folgte!<\/b><\/span><\/h4>\n<h4 style=\"text-align: justify;\">Aufgrund des gro\u00dfen Erfolges haben wir das Drehbuch unseres Musicals zu einer Erz\u00e4hlgeschichte zusammen gefa\u00dft und mit den Liedern umrahmt.<\/h4>\n<h4 style=\"text-align: justify;\">So konnte unser Musical noch einmal weiter leben, auch ohne gro\u00dfe B\u00fchne, Requisiten und Schauspieler.<\/h4>\n<h4 style=\"text-align: justify;\">Wann das war steht in der Rubrik <span style=\"text-decoration: underline;\"><strong><span style=\"color: #339966;\"><a style=\"color: #339966; text-decoration: underline;\" href=\"http:\/\/womensvoice-neulussheim.de\/blog\/traeume-wieder-auf-reisen\/\">Presse 2016.<\/a><\/span><\/strong><\/span><\/h4>\n<h4 style=\"text-align: justify;\"><strong><span style=\"text-decoration: underline;\"><span style=\"color: #449c89; text-decoration: underline;\">\u00a0<\/span><\/span><\/strong><\/h4>\n<p>&nbsp;<\/p>\n<div class=\"kl_keyboard ui-draggable\">\n<div class=\"kl_layout\">\n<div id=\"kl_current_set\" class=\"kl_set\">\n<div class=\"kl_layout_selector kl_top_round_corners kl_bottom_round_corners\">\n<div class=\"kl_layout_list_container\">\n<div class=\"kl_layout_selector_option kl_layout_selector_option_middle\" style=\"display: none;\">\n<div class=\"kl_layout_selector_icon\" style=\"background-image: url('data:image\/png;base64,iVBORw0KGgoAAAANSUhEUgAAABAAAAAOCAYAAAAmL5yKAAAC7mlDQ1BJQ0MgUHJvZmlsZQAAeAGFVM9rE0EU\/jZuqdAiCFprDrJ4kCJJWatoRdQ2\/RFiawzbH7ZFkGQzSdZuNuvuJrWliOTi0SreRe2hB\/+AHnrwZC9KhVpFKN6rKGKhFy3xzW5MtqXqwM5+8943731vdt8ADXLSNPWABOQNx1KiEWlsfEJq\/IgAjqIJQTQlVdvsTiQGQYNz+Xvn2HoPgVtWw3v7d7J3rZrStpoHhP1A4Eea2Sqw7xdxClkSAog836Epx3QI3+PY8uyPOU55eMG1Dys9xFkifEA1Lc5\/TbhTzSXTQINIOJT1cVI+nNeLlNcdB2luZsbIEL1PkKa7zO6rYqGcTvYOkL2d9H5Os94+wiHCCxmtP0a4jZ71jNU\/4mHhpObEhj0cGDX0+GAVtxqp+DXCFF8QTSeiVHHZLg3xmK79VvJKgnCQOMpkYYBzWkhP10xu+LqHBX0m1xOv4ndWUeF5jxNn3tTd70XaAq8wDh0MGgyaDUhQEEUEYZiwUECGPBoxNLJyPyOrBhuTezJ1JGq7dGJEsUF7Ntw9t1Gk3Tz+KCJxlEO1CJL8Qf4qr8lP5Xn5y1yw2Fb3lK2bmrry4DvF5Zm5Gh7X08jjc01efJXUdpNXR5aseXq8muwaP+xXlzHmgjWPxHOw+\/EtX5XMlymMFMXjVfPqS4R1WjE3359sfzs94i7PLrXWc62JizdWm5dn\/WpI++6qvJPmVflPXvXx\/GfNxGPiKTEmdornIYmXxS7xkthLqwviYG3HCJ2VhinSbZH6JNVgYJq89S9dP1t4vUZ\/DPVRlBnM0lSJ93\/CKmQ0nbkOb\/qP28f8F+T3iuefKAIvbODImbptU3HvEKFlpW5zrgIXv9F98LZua6N+OPwEWDyrFq1SNZ8gvAEcdod6HugpmNOWls05Uocsn5O66cpiUsxQ20NSUtcl12VLFrOZVWLpdtiZ0x1uHKE5QvfEp0plk\/qv8RGw\/bBS+fmsUtl+ThrWgZf6b8C8\/UXAeIuJAAAACXBIWXMAAAsTAAALEwEAmpwYAAABG0lEQVQoFZVTu26EMBAc8CmKdHe5UCRNuvsBdPxFfjVlviFVCiTaFCkiRYquQXAP8\/I5sw4IrgCRkdb2emfGayw8ADeMVTtzmo2KzOOCwyaKov1s2YAYx\/GjGCyNMQjDcFAaX3qeB2stkiQR0lIMVF3XyPMcaZpeKYUoENEQQRBANIQSA5dkWQaJOfB9vzOAM3jJLrhbnGAOJdhf7yEnD\/O2osoTcmp2zJ2BLkrcfnzBmGMvnlipnxW0u31noCvcGwuLy4SsL1l+dK3\/uK6Dh9c9tlsS5ukB\/4zmk\/xnLsX3rDkMri57kyDXaUhyHRRFS79+rUmPTiMGVdMAb++T\/LFiJWduGE+M9RhrZP\/A\/W8xUAz5oWT+DwzJ1S8JoWjm5fjFnAAAAABJRU5ErkJggg==') ! important;\"><\/div>\n<div class=\"kl_layout_selector_label\">Deutsch<\/div>\n<\/div>\n<div class=\"kl_layout_selector_option kl_layout_selector_option_middle\" style=\"display: none;\">\n<div class=\"kl_layout_selector_icon\" style=\"background-image: url('data:image\/png;base64,iVBORw0KGgoAAAANSUhEUgAAABAAAAAOCAYAAAAmL5yKAAAC7mlDQ1BJQ0MgUHJvZmlsZQAAeAGFVM9rE0EU\/jZuqdAiCFprDrJ4kCJJWatoRdQ2\/RFiawzbH7ZFkGQzSdZuNuvuJrWliOTi0SreRe2hB\/+AHnrwZC9KhVpFKN6rKGKhFy3xzW5MtqXqwM5+8943731vdt8ADXLSNPWABOQNx1KiEWlsfEJq\/IgAjqIJQTQlVdvsTiQGQYNz+Xvn2HoPgVtWw3v7d7J3rZrStpoHhP1A4Eea2Sqw7xdxClkSAog836Epx3QI3+PY8uyPOU55eMG1Dys9xFkifEA1Lc5\/TbhTzSXTQINIOJT1cVI+nNeLlNcdB2luZsbIEL1PkKa7zO6rYqGcTvYOkL2d9H5Os94+wiHCCxmtP0a4jZ71jNU\/4mHhpObEhj0cGDX0+GAVtxqp+DXCFF8QTSeiVHHZLg3xmK79VvJKgnCQOMpkYYBzWkhP10xu+LqHBX0m1xOv4ndWUeF5jxNn3tTd70XaAq8wDh0MGgyaDUhQEEUEYZiwUECGPBoxNLJyPyOrBhuTezJ1JGq7dGJEsUF7Ntw9t1Gk3Tz+KCJxlEO1CJL8Qf4qr8lP5Xn5y1yw2Fb3lK2bmrry4DvF5Zm5Gh7X08jjc01efJXUdpNXR5aseXq8muwaP+xXlzHmgjWPxHOw+\/EtX5XMlymMFMXjVfPqS4R1WjE3359sfzs94i7PLrXWc62JizdWm5dn\/WpI++6qvJPmVflPXvXx\/GfNxGPiKTEmdornIYmXxS7xkthLqwviYG3HCJ2VhinSbZH6JNVgYJq89S9dP1t4vUZ\/DPVRlBnM0lSJ93\/CKmQ0nbkOb\/qP28f8F+T3iuefKAIvbODImbptU3HvEKFlpW5zrgIXv9F98LZua6N+OPwEWDyrFq1SNZ8gvAEcdod6HugpmNOWls05Uocsn5O66cpiUsxQ20NSUtcl12VLFrOZVWLpdtiZ0x1uHKE5QvfEp0plk\/qv8RGw\/bBS+fmsUtl+ThrWgZf6b8C8\/UXAeIuJAAAACXBIWXMAAAsTAAALEwEAmpwYAAABbklEQVQoFZVTTUsDMRB9cduKW0XbiuAnfuBJUUR\/gl4Ff6c3L969CGIRob1URC9drP2Sdrfbprtd36QKdntofTAJmcx7mcwkCkCKNv8zc5oampFugsPi2+HZZ4QBFGamZkvgTuFxRQTSGISwT46nIysFRBH8p2eJT4uAFek+wlYbYb0xKsJAAyH9gZXLQjiEJQLYyhdgpZJUdtD1bbi1FJY2XCRUINvjUGsIdYGXB4xAj+Wwkw7cRgXVm020Sjn4lxq5ozLsOfJHEzCCPZMAhlXzO\/QNKui\/ZPF++4F68xxR7QqBI35aGLcKfI8+wpS9IwKyCJaR2e+jlL+Gd3\/H9dA\/lgEz+uWYK5gFT6kelLCaAS72HATbr3B3+UAkgzjoGxEonorOLCJ4aJpg34xfHMXiUOx8EVIEPSxiFwHJ7AKkYpMhj65LskCO1lKjB\/hjV5WACdDSIHYT67SFCcHx7TYdZRGwaPKhZP4PJHH9DdVbglfXvCJbAAAAAElFTkSuQmCC') ! important;\"><\/div>\n<div class=\"kl_layout_selector_label\">Espa\u00f1ol<\/div>\n<\/div>\n<div class=\"kl_layout_selector_option kl_layout_selector_option_middle\" style=\"display: none;\">\n<div class=\"kl_layout_selector_icon\" style=\"background-image: url('data:image\/png;base64,iVBORw0KGgoAAAANSUhEUgAAABAAAAANCAYAAACgu+4kAAAC7mlDQ1BJQ0MgUHJvZmlsZQAAeAGFVM9rE0EU\/jZuqdAiCFprDrJ4kCJJWatoRdQ2\/RFiawzbH7ZFkGQzSdZuNuvuJrWliOTi0SreRe2hB\/+AHnrwZC9KhVpFKN6rKGKhFy3xzW5MtqXqwM5+8943731vdt8ADXLSNPWABOQNx1KiEWlsfEJq\/IgAjqIJQTQlVdvsTiQGQYNz+Xvn2HoPgVtWw3v7d7J3rZrStpoHhP1A4Eea2Sqw7xdxClkSAog836Epx3QI3+PY8uyPOU55eMG1Dys9xFkifEA1Lc5\/TbhTzSXTQINIOJT1cVI+nNeLlNcdB2luZsbIEL1PkKa7zO6rYqGcTvYOkL2d9H5Os94+wiHCCxmtP0a4jZ71jNU\/4mHhpObEhj0cGDX0+GAVtxqp+DXCFF8QTSeiVHHZLg3xmK79VvJKgnCQOMpkYYBzWkhP10xu+LqHBX0m1xOv4ndWUeF5jxNn3tTd70XaAq8wDh0MGgyaDUhQEEUEYZiwUECGPBoxNLJyPyOrBhuTezJ1JGq7dGJEsUF7Ntw9t1Gk3Tz+KCJxlEO1CJL8Qf4qr8lP5Xn5y1yw2Fb3lK2bmrry4DvF5Zm5Gh7X08jjc01efJXUdpNXR5aseXq8muwaP+xXlzHmgjWPxHOw+\/EtX5XMlymMFMXjVfPqS4R1WjE3359sfzs94i7PLrXWc62JizdWm5dn\/WpI++6qvJPmVflPXvXx\/GfNxGPiKTEmdornIYmXxS7xkthLqwviYG3HCJ2VhinSbZH6JNVgYJq89S9dP1t4vUZ\/DPVRlBnM0lSJ93\/CKmQ0nbkOb\/qP28f8F+T3iuefKAIvbODImbptU3HvEKFlpW5zrgIXv9F98LZua6N+OPwEWDyrFq1SNZ8gvAEcdod6HugpmNOWls05Uocsn5O66cpiUsxQ20NSUtcl12VLFrOZVWLpdtiZ0x1uHKE5QvfEp0plk\/qv8RGw\/bBS+fmsUtl+ThrWgZf6b8C8\/UXAeIuJAAAACXBIWXMAAAsTAAALEwEAmpwYAAABPUlEQVQoFY1Sy07DMBAcp7QcAooQEhdOHJGKUMU38Flc+C5O+YBygF4B8Tr0kJI0JH7EMWsnTZoQHmut7VnvTiZrMwAT8r16peXfJikz3aEpmE2vlv2y+d11J7S4uOxgC6bzmyNL4Gtd4nx28i1hO+CfnVaQMcAYpLf3FvuWYKSURpJwrKJ1lTQw86fnJjo+PIBRyuKRJYCUEvEqRfzxaeGg6bglZ94ISgmX5wgE54iiFOk6s+oGTcVJE7cpgtseApUCnuP1YYlM5C44NInH9yasgxj5xHO4IqBCQ4pKGj9be2ZUgayspDoCJSQ87P5KYLbITaHBi8J9y+lQEO6YEc3G+0oYnWwGpEEm3S3UPYB0m3EF+7U1dmLd3v4qR0tA7dTI8NIpDMOwgxcYvGJJzwoB+TH5fqfib2AfxtsX0zCBpMQ+chEAAAAASUVORK5CYII=') ! important;\"><\/div>\n<div class=\"kl_layout_selector_label\">Fran\u00e7ais<\/div>\n<\/div>\n<div class=\"kl_layout_selector_option kl_layout_selector_option_middle\" style=\"display: none;\">\n<div class=\"kl_layout_selector_icon\" style=\"background-image: url('data:image\/png;base64,iVBORw0KGgoAAAANSUhEUgAAABAAAAAOCAYAAAAmL5yKAAAC7mlDQ1BJQ0MgUHJvZmlsZQAAeAGFVM9rE0EU\/jZuqdAiCFprDrJ4kCJJWatoRdQ2\/RFiawzbH7ZFkGQzSdZuNuvuJrWliOTi0SreRe2hB\/+AHnrwZC9KhVpFKN6rKGKhFy3xzW5MtqXqwM5+8943731vdt8ADXLSNPWABOQNx1KiEWlsfEJq\/IgAjqIJQTQlVdvsTiQGQYNz+Xvn2HoPgVtWw3v7d7J3rZrStpoHhP1A4Eea2Sqw7xdxClkSAog836Epx3QI3+PY8uyPOU55eMG1Dys9xFkifEA1Lc5\/TbhTzSXTQINIOJT1cVI+nNeLlNcdB2luZsbIEL1PkKa7zO6rYqGcTvYOkL2d9H5Os94+wiHCCxmtP0a4jZ71jNU\/4mHhpObEhj0cGDX0+GAVtxqp+DXCFF8QTSeiVHHZLg3xmK79VvJKgnCQOMpkYYBzWkhP10xu+LqHBX0m1xOv4ndWUeF5jxNn3tTd70XaAq8wDh0MGgyaDUhQEEUEYZiwUECGPBoxNLJyPyOrBhuTezJ1JGq7dGJEsUF7Ntw9t1Gk3Tz+KCJxlEO1CJL8Qf4qr8lP5Xn5y1yw2Fb3lK2bmrry4DvF5Zm5Gh7X08jjc01efJXUdpNXR5aseXq8muwaP+xXlzHmgjWPxHOw+\/EtX5XMlymMFMXjVfPqS4R1WjE3359sfzs94i7PLrXWc62JizdWm5dn\/WpI++6qvJPmVflPXvXx\/GfNxGPiKTEmdornIYmXxS7xkthLqwviYG3HCJ2VhinSbZH6JNVgYJq89S9dP1t4vUZ\/DPVRlBnM0lSJ93\/CKmQ0nbkOb\/qP28f8F+T3iuefKAIvbODImbptU3HvEKFlpW5zrgIXv9F98LZua6N+OPwEWDyrFq1SNZ8gvAEcdod6HugpmNOWls05Uocsn5O66cpiUsxQ20NSUtcl12VLFrOZVWLpdtiZ0x1uHKE5QvfEp0plk\/qv8RGw\/bBS+fmsUtl+ThrWgZf6b8C8\/UXAeIuJAAAACXBIWXMAAAsTAAALEwEAmpwYAAABVElEQVQoFZVTS07DMBB9TtKwKKWCBRJix4IF6hXYIK7BBbgPF+Ae3VScAJYsqiJRIVhU5Gs7js3YifIjCLA0nnnjNy+jscMAhGT7tSf35yWJmQS0za\/ub9+HZcubu15qfXndwxacPSyPrcBU6xKLk\/NvhG5ib3HhoAcGDQP++GTx1Ar4hVaIRYpdHjnS2KY2mybtHx3CFMpi3wpAygJRniAm+2mVUdwcMd+HktzhSkBw7HiEVGbUnGmI3UB\/tt0poghuZwg4AZELbM0bMpF1a3qxfNk22DuIkAWew7VADi8MYYxuSMNA686ZKpC5EdQdSC4QzAISGG\/fiXUEWFGCm0rB9aFIAB3C8OsOMwbUZueUVbdQzUCJwg0vqC5ltN6bTNp8Se9AtEOUhhLJ80dLoGi1WvXwOh29Ykl9YU52SjbrVfwO7MN4tQI+mf2hrP\/PKoksvwArhYzX7rtqFAAAAABJRU5ErkJggg==') ! important;\"><\/div>\n<div class=\"kl_layout_selector_label\">Italiano<\/div>\n<\/div>\n<div class=\"kl_layout_selector_option kl_layout_selector_option_middle\" style=\"display: none;\">\n<div class=\"kl_layout_selector_icon\" style=\"background-image: url('data:image\/png;base64,iVBORw0KGgoAAAANSUhEUgAAABAAAAAOCAYAAAAmL5yKAAAC7mlDQ1BJQ0MgUHJvZmlsZQAAeAGFVM9rE0EU\/jZuqdAiCFprDrJ4kCJJWatoRdQ2\/RFiawzbH7ZFkGQzSdZuNuvuJrWliOTi0SreRe2hB\/+AHnrwZC9KhVpFKN6rKGKhFy3xzW5MtqXqwM5+8943731vdt8ADXLSNPWABOQNx1KiEWlsfEJq\/IgAjqIJQTQlVdvsTiQGQYNz+Xvn2HoPgVtWw3v7d7J3rZrStpoHhP1A4Eea2Sqw7xdxClkSAog836Epx3QI3+PY8uyPOU55eMG1Dys9xFkifEA1Lc5\/TbhTzSXTQINIOJT1cVI+nNeLlNcdB2luZsbIEL1PkKa7zO6rYqGcTvYOkL2d9H5Os94+wiHCCxmtP0a4jZ71jNU\/4mHhpObEhj0cGDX0+GAVtxqp+DXCFF8QTSeiVHHZLg3xmK79VvJKgnCQOMpkYYBzWkhP10xu+LqHBX0m1xOv4ndWUeF5jxNn3tTd70XaAq8wDh0MGgyaDUhQEEUEYZiwUECGPBoxNLJyPyOrBhuTezJ1JGq7dGJEsUF7Ntw9t1Gk3Tz+KCJxlEO1CJL8Qf4qr8lP5Xn5y1yw2Fb3lK2bmrry4DvF5Zm5Gh7X08jjc01efJXUdpNXR5aseXq8muwaP+xXlzHmgjWPxHOw+\/EtX5XMlymMFMXjVfPqS4R1WjE3359sfzs94i7PLrXWc62JizdWm5dn\/WpI++6qvJPmVflPXvXx\/GfNxGPiKTEmdornIYmXxS7xkthLqwviYG3HCJ2VhinSbZH6JNVgYJq89S9dP1t4vUZ\/DPVRlBnM0lSJ93\/CKmQ0nbkOb\/qP28f8F+T3iuefKAIvbODImbptU3HvEKFlpW5zrgIXv9F98LZua6N+OPwEWDyrFq1SNZ8gvAEcdod6HugpmNOWls05Uocsn5O66cpiUsxQ20NSUtcl12VLFrOZVWLpdtiZ0x1uHKE5QvfEp0plk\/qv8RGw\/bBS+fmsUtl+ThrWgZf6b8C8\/UXAeIuJAAAACXBIWXMAAAsTAAALEwEAmpwYAAAB8ElEQVQoFZWSz2pTURDGf\/fe5DYxiUmttDVSRFBwYVcFlwqCD9C1L+CjuFWfoOJCEFy4K27UhS5KN0IQkSLF1jZpQyTJ\/X\/uOc65N1WkXdiBOcMM33znmznHAXzx5ixK+G9LBTmtyNG+++LR4KQtdxw8Y9h49uWkdCoabahe6rCy+WbREjTyXLO6fKMAasfFNZr6qnuqsSw4GK3Idvds2rAEnsoVkyRiGE3QFc0Vd0p\/YY\/5bQcnB1Nxyt7Z6bYvgsps5lkCMpUyiqek6hf38j6twxg9GDO45TPfE9RIbv1HkCFL7QqgIIjjmKMg5H63x8PtKcFoHb3ikQw3GV8\/pv3+AqYqaFP0yAg5iYxtrSBIo4RA7zOc+8an7x28B+tknQbXnjwn6O5Q+3EZLH6mwmnVCZek9ocgjlCVOv2sSdgac\/vjKzK\/iX9nl9qOoAq1s+slNVlOlCS2v+RMQ0EYxefjLr21iHd6g7mtx+ihova2JTDZZCHBytA4aSYE5Q4KUSqJC1CQ1nn5c43XNxeIfZfFpx3cA\/vP7Cv8daMMUVoqKHagEiXf0eBXXXKnwkGyxPKHQ\/K69J1hJtbEyqoql5iiNOHXo6KgRZMrSreioMjPOoyM4ely\/1ZXW\/yquB32PDYR8L4l8MTtoDaex+wM6W+StdCJDVH2GgAAAABJRU5ErkJggg==') ! important;\"><\/div>\n<div class=\"kl_layout_selector_label\">Portugu\u00eas<\/div>\n<\/div>\n<div class=\"kl_layout_selector_option kl_layout_selector_option_middle\" style=\"display: none;\">\n<div class=\"kl_layout_selector_icon\" style=\"background-image: url('data:image\/png;base64,iVBORw0KGgoAAAANSUhEUgAAABAAAAANCAYAAACgu+4kAAAC7mlDQ1BJQ0MgUHJvZmlsZQAAeAGFVM9rE0EU\/jZuqdAiCFprDrJ4kCJJWatoRdQ2\/RFiawzbH7ZFkGQzSdZuNuvuJrWliOTi0SreRe2hB\/+AHnrwZC9KhVpFKN6rKGKhFy3xzW5MtqXqwM5+8943731vdt8ADXLSNPWABOQNx1KiEWlsfEJq\/IgAjqIJQTQlVdvsTiQGQYNz+Xvn2HoPgVtWw3v7d7J3rZrStpoHhP1A4Eea2Sqw7xdxClkSAog836Epx3QI3+PY8uyPOU55eMG1Dys9xFkifEA1Lc5\/TbhTzSXTQINIOJT1cVI+nNeLlNcdB2luZsbIEL1PkKa7zO6rYqGcTvYOkL2d9H5Os94+wiHCCxmtP0a4jZ71jNU\/4mHhpObEhj0cGDX0+GAVtxqp+DXCFF8QTSeiVHHZLg3xmK79VvJKgnCQOMpkYYBzWkhP10xu+LqHBX0m1xOv4ndWUeF5jxNn3tTd70XaAq8wDh0MGgyaDUhQEEUEYZiwUECGPBoxNLJyPyOrBhuTezJ1JGq7dGJEsUF7Ntw9t1Gk3Tz+KCJxlEO1CJL8Qf4qr8lP5Xn5y1yw2Fb3lK2bmrry4DvF5Zm5Gh7X08jjc01efJXUdpNXR5aseXq8muwaP+xXlzHmgjWPxHOw+\/EtX5XMlymMFMXjVfPqS4R1WjE3359sfzs94i7PLrXWc62JizdWm5dn\/WpI++6qvJPmVflPXvXx\/GfNxGPiKTEmdornIYmXxS7xkthLqwviYG3HCJ2VhinSbZH6JNVgYJq89S9dP1t4vUZ\/DPVRlBnM0lSJ93\/CKmQ0nbkOb\/qP28f8F+T3iuefKAIvbODImbptU3HvEKFlpW5zrgIXv9F98LZua6N+OPwEWDyrFq1SNZ8gvAEcdod6HugpmNOWls05Uocsn5O66cpiUsxQ20NSUtcl12VLFrOZVWLpdtiZ0x1uHKE5QvfEp0plk\/qv8RGw\/bBS+fmsUtl+ThrWgZf6b8C8\/UXAeIuJAAAACXBIWXMAAAsTAAALEwEAmpwYAAAA+UlEQVQoFZVQW27CMBAcJyFQwkOAxA9\/baWepTfoBTlDD9EroP5U7QcSIBSSEMfxdteAZAmkJCutvbOeGa9WAYg5R9ebr9ahmXmK+JgS0ba1zCMqpZYB48TrdS0TMQi7qjx+KAYwxni9duVNIzvA28ca88UM6akEeXrFtY9vT5NRH\/vdwUFnUJYFfv4CZLkstjmOwxgRCke8GOQFKB7C2kf\/3RsaQ6j1xUCmfPlMlpvnIIRNz\/fsB51gPMC3rfGebV\/dBLmuQD3Zp\/g1B9WEvKoc0RmcGVDUA54cbHQgshCNhCh0zbv+KjLX6HhomXnKueIcdxSnzP\/9B9NWUmzSO7dBAAAAAElFTkSuQmCC') ! important;\"><\/div>\n<div class=\"kl_layout_selector_label\">\u0420\u0443\u0441\u0441\u043a\u0438\u0439<\/div>\n<\/div>\n<div class=\"kl_layout_selector_option_bottom\"><\/div>\n<\/div>\n<\/div>\n<\/div>\n<\/div>\n<\/div>\n","protected":false},"excerpt":{"rendered":"<p><a href=\"https:\/\/womensvoice-neulussheim.de\/blog\/unser-musical-wenn-traume-reisen\/\" class=\"more-link\"><span class=\"readmore\">Weiterlesen&#8230;<span class=\"screen-reader-text\">Unser Musical \u201eWenn Tr\u00e4ume reisen&#8220;<\/span><\/span><\/a><\/p>\n","protected":false},"author":2,"featured_media":0,"parent":0,"menu_order":0,"comment_status":"open","ping_status":"closed","template":"page-templates\/full-width.php","meta":{"footnotes":""},"class_list":["post-216","page","type-page","status-publish","hentry"],"_links":{"self":[{"href":"https:\/\/womensvoice-neulussheim.de\/blog\/wp-json\/wp\/v2\/pages\/216","targetHints":{"allow":["GET"]}}],"collection":[{"href":"https:\/\/womensvoice-neulussheim.de\/blog\/wp-json\/wp\/v2\/pages"}],"about":[{"href":"https:\/\/womensvoice-neulussheim.de\/blog\/wp-json\/wp\/v2\/types\/page"}],"author":[{"embeddable":true,"href":"https:\/\/womensvoice-neulussheim.de\/blog\/wp-json\/wp\/v2\/users\/2"}],"replies":[{"embeddable":true,"href":"https:\/\/womensvoice-neulussheim.de\/blog\/wp-json\/wp\/v2\/comments?post=216"}],"version-history":[{"count":92,"href":"https:\/\/womensvoice-neulussheim.de\/blog\/wp-json\/wp\/v2\/pages\/216\/revisions"}],"predecessor-version":[{"id":5507,"href":"https:\/\/womensvoice-neulussheim.de\/blog\/wp-json\/wp\/v2\/pages\/216\/revisions\/5507"}],"wp:attachment":[{"href":"https:\/\/womensvoice-neulussheim.de\/blog\/wp-json\/wp\/v2\/media?parent=216"}],"curies":[{"name":"wp","href":"https:\/\/api.w.org\/{rel}","templated":true}]}}