{"id":84,"date":"2020-11-14T16:40:37","date_gmt":"2020-11-14T15:40:37","guid":{"rendered":"http:\/\/womensvoice-neulussheim.de\/blog\/?page_id=84"},"modified":"2021-02-25T11:34:00","modified_gmt":"2021-02-25T10:34:00","slug":"kontakt","status":"publish","type":"page","link":"https:\/\/womensvoice-neulussheim.de\/blog\/kontakt\/","title":{"rendered":"Kontakt \/ Impressum"},"content":{"rendered":"\n<h3 class=\"has-text-align-center wp-block-heading\">&nbsp;<\/h3>\n\n\n\n<p class=\"has-text-align-center has-medium-black-color has-text-color\" style=\"font-size:24px\"><span style=\"color: #000000;\"><b>WOMEN&#8217;S VOICE<\/b><\/span><\/p>\n\n\n\n<p class=\"has-text-align-center has-medium-black-color has-text-color\" style=\"font-size:19px\"><span style=\"color: #000000;\">AGV \u201eHarmonie&#8220; 1911 Neulu\u00dfheim e.V.<\/span><br><span style=\"color: #000000;\"> c\/o Heike Ullrich<\/span><br><span style=\"color: #000000;\"> Georg-Meier-Str. 74<\/span><br><span style=\"color: #000000;\"> 68766 Hockenheim<\/span><\/p>\n\n\n\n<p class=\"has-text-align-center has-medium-black-color has-text-color has-normal-font-size\"><strong><span style=\"color: #000000;\">Telefon: 06205-17920<\/span><\/strong><\/p>\n\n\n\n<p class=\"has-text-align-center has-medium-black-color has-text-color has-normal-font-size\"><span style=\"color: #000000;\">&nbsp;Mail: <strong><span style=\"color: #449c89;\"><a href=\"mailto:info@womensvoice-neulussheim.de?subject=Anfrage%20%C3%BCber%20Homepage\"><span style=\"color: #449c89;\">vorstand@womensvoice-neulussheim.de<\/span><\/a><\/span><\/strong><\/span><\/p>\n\n\n\n<p class=\"has-text-align-center has-small-font-size\">Unsere tollen Gruppenbilder wurden von <strong>Margit Marashi aus Hockenheim fotografiert!<br><\/strong><\/p>\n\n\n\n<p class=\"has-text-align-center has-medium-black-color has-text-color\" style=\"font-size:20px\"><span style=\"color: #000000;\"><strong>Angaben gem\u00e4\u00df \u00a7 5 TMG<\/strong><\/span><\/p>\n\n\n\n<p class=\"has-text-align-center has-medium-black-color has-text-color has-normal-font-size\" style=\"font-size:20px\"><span style=\"color: #000000;\"><strong>Vertreten durch: <\/strong><\/span><br><span style=\"color: #000000;\">Heike Ullrich und Daniela Hertenstein<\/span><\/p>\n\n\n\n<p class=\"has-text-align-center has-medium-black-color has-text-color\" style=\"font-size:20px\"><span style=\"color: #000000;\"><strong>Registergericht:<\/strong><\/span><\/p>\n\n\n\n<p class=\"has-text-align-center has-medium-black-color has-text-color\" style=\"font-size:20px\"><span style=\"color: #000000;\">Registergericht: Mannheim<\/span><\/p>\n\n\n\n<p class=\"has-text-align-center has-medium-black-color has-text-color has-small-font-size\" style=\"font-size:20px\"><span style=\"color: #000000;\">Vereinsregisternummer: 420043<br><\/span><\/p>\n\n\n\n<p class=\"has-text-align-center has-medium-black-color has-text-color has-normal-font-size\" style=\"font-size:20px\"><span style=\"color: #000000;\">&nbsp;<strong>Verantwortlich f\u00fcr den Inhalt nach \u00a7 55 Abs. 2 RStV:<\/strong><\/span><br>Daniela Hertenstein, Mail: vorstand@womensvoice-neulu\u00dfheim.de<\/p>\n\n\n\n<p class=\"has-text-align-center has-medium-black-color has-text-color has-normal-font-size\" style=\"font-size:20px\"><span style=\"color: #000000;\">Gestaltung Homepage: Renate Langham und Daniela Hertenstein<\/span><\/p>\n\n\n\n<p class=\"has-text-align-center has-medium-black-color has-text-color\" style=\"font-size:20px\"><strong><span style=\"color: #000000;\">Haftungsausschluss:<\/span> <\/strong><\/p>\n\n\n\n<p><strong>Haftung f\u00fcr Inhalte<\/strong><\/p>\n\n\n\n<p>Die Inhalte unserer Seiten wurden mit gr\u00f6\u00dfter Sorgfalt erstellt. F\u00fcr die Richtigkeit, Vollst\u00e4ndigkeit und Aktualit\u00e4t der Inhalte k\u00f6nnen wir jedoch keine Gew\u00e4hr \u00fcbernehmen. Als Diensteanbieter sind wir gem\u00e4\u00df \u00a7 7 Abs.1 TMG f\u00fcr eigene Inhalte auf diesen Seiten nach den allgemeinen Gesetzen verantwortlich. Nach \u00a7\u00a7 8 bis 10 TMG sind wir als Diensteanbieter jedoch nicht verpflichtet, \u00fcbermittelte oder gespeicherte fremde Informationen zu \u00fcberwachen oder nach Umst\u00e4nden zu forschen, die auf eine rechtswidrige T\u00e4tigkeit hinweisen. Verpflichtungen zur Entfernung oder Sperrung der Nutzung von Informationen nach den allgemeinen Gesetzen bleiben hiervon unber\u00fchrt. Eine diesbez\u00fcgliche Haftung ist jedoch erst ab dem Zeitpunkt der Kenntnis einer konkreten Rechtsverletzung m\u00f6glich. Bei Bekanntwerden von entsprechenden Rechtsverletzungen werden wir diese Inhalte umgehend entfernen.<\/p>\n\n\n\n<p><strong>Haftung f\u00fcr Links<\/strong><\/p>\n\n\n\n<p>Unser Angebot enth\u00e4lt Links zu externen Webseiten Dritter, auf deren Inhalte wir keinen Einfluss haben. Deshalb k\u00f6nnen wir f\u00fcr diese fremden Inhalte auch keine Gew\u00e4hr \u00fcbernehmen. F\u00fcr die Inhalte der verlinkten Seiten ist stets der jeweilige Anbieter oder Betreiber der Seiten verantwortlich. Die verlinkten Seiten wurden zum Zeitpunkt der Verlinkung auf m\u00f6gliche Rechtsverst\u00f6\u00dfe \u00fcberpr\u00fcft. Rechtswidrige Inhalte waren zum Zeitpunkt der Verlinkung nicht erkennbar. Eine permanente inhaltliche Kontrolle der verlinkten Seiten ist jedoch ohne konkrete Anhaltspunkte einer Rechtsverletzung nicht zumutbar. Bei Bekanntwerden von Rechtsverletzungen werden wir derartige Links umgehend entfernen.<\/p>\n\n\n\n<p><strong>Urheberrecht<\/strong><\/p>\n\n\n\n<p>Die durch die Seitenbetreiber erstellten Inhalte und Werke auf diesen Seiten unterliegen dem deutschen Urheberrecht. Die Vervielf\u00e4ltigung, Bearbeitung, Verbreitung und jede Art der Verwertung au\u00dferhalb der Grenzen des Urheberrechtes bed\u00fcrfen der schriftlichen Zustimmung des jeweiligen Autors bzw. Erstellers. Downloads und Kopien dieser Seite sind nur f\u00fcr den privaten, nicht kommerziellen Gebrauch gestattet. Soweit die Inhalte auf dieser Seite nicht vom Betreiber erstellt wurden, werden die Urheberrechte Dritter beachtet. Insbesondere werden Inhalte Dritter als solche gekennzeichnet. Sollten Sie trotzdem auf eine Urheberrechtsverletzung aufmerksam werden, bitten wir um einen entsprechenden Hinweis. Bei Bekanntwerden von Rechtsverletzungen werden wir derartige Inhalte umgehend entfernen.<\/p>\n\n\n\n<p><strong>Datenschutz<\/strong><\/p>\n\n\n\n<p>Die Nutzung unserer Webseite ist in der Regel ohne Angabe personenbezogener Daten m\u00f6glich. Soweit auf unseren Seiten personenbezogene Daten (beispielsweise Name, Anschrift oder eMail-Adressen) erhoben werden, erfolgt dies, soweit m\u00f6glich, stets auf freiwilliger Basis. Diese Daten werden ohne Ihre ausdr\u00fcckliche Zustimmung nicht an Dritte weitergegeben.<br>Wir weisen darauf hin, dass die Daten\u00fcbertragung im Internet (z.B. bei der Kommunikation per E-Mail) Sicherheitsl\u00fccken aufweisen kann. Ein l\u00fcckenloser Schutz der Daten vor dem Zugriff durch Dritte ist nicht m\u00f6glich.<br>Der Nutzung von im Rahmen der Impressumspflicht ver\u00f6ffentlichten Kontaktdaten durch Dritte zur \u00dcbersendung von nicht ausdr\u00fccklich angeforderter Werbung und Informationsmaterialien wird hiermit ausdr\u00fccklich widersprochen. Die Betreiber der Seiten behalten sich ausdr\u00fccklich rechtliche Schritte im Falle der unverlangten Zusendung von Werbeinformationen, etwa durch Spam-Mails, vor.<\/p>\n\n\n\n<p><strong>Cookies<\/strong><\/p>\n\n\n\n<p>Wenn du einen Kommentar auf unserer Website schreibst, kann das eine Einwilligung sein, deinen Namen, E-Mail-Adresse und Website in Cookies zu speichern. Dies ist eine Komfortfunktion, damit du nicht, wenn du einen weiteren Kommentar schreibst, all diese Daten erneut eingeben musst. Diese Cookies werden ein Jahr lang gespeichert.<\/p>\n\n\n\n<p>Falls du ein Konto hast und dich auf dieser Website anmeldest, werden wir ein tempor\u00e4res Cookie setzen, um festzustellen, ob dein Browser Cookies akzeptiert. Dieses Cookie enth\u00e4lt keine personenbezogenen Daten und wird verworfen, wenn du deinen Browser schlie\u00dft.<\/p>\n\n\n\n<p>Wenn du dich anmeldest, werden wir einige Cookies einrichten, um deine Anmeldeinformationen und Anzeigeoptionen zu speichern. Anmelde-Cookies verfallen nach zwei Tagen und Cookies f\u00fcr die Anzeigeoptionen nach einem Jahr. Falls du bei der Anmeldung \u201eAngemeldet bleiben\u201c ausw\u00e4hlst, wird deine Anmeldung zwei Wochen lang aufrechterhalten. Mit der Abmeldung aus deinem Konto werden die Anmelde-Cookies gel\u00f6scht.<\/p>\n\n\n\n<p>Wenn du einen Artikel bearbeitest oder ver\u00f6ffentlichst, wird ein zus\u00e4tzlicher Cookie in deinem Browser gespeichert. Dieser Cookie enth\u00e4lt keine personenbezogenen Daten und verweist nur auf die Beitrags-ID des Artikels, den du gerade bearbeitet hast. Der Cookie verf\u00e4llt nach einem Tag.<\/p>\n\n\n\n<p><strong>Eingebettete Inhalte von anderen Websites<\/strong><\/p>\n\n\n\n<p>Beitr\u00e4ge auf dieser Website k\u00f6nnen eingebettete Inhalte beinhalten (z.&nbsp;B. Videos, Bilder, Beitr\u00e4ge etc.). Eingebettete Inhalte von anderen Websites verhalten sich exakt so, als ob der Besucher die andere Website besucht h\u00e4tte.<\/p>\n\n\n\n<p>Diese Websites k\u00f6nnen Daten \u00fcber dich sammeln, Cookies benutzen, zus\u00e4tzliche Tracking-Dienste von Dritten einbetten und deine Interaktion mit diesem eingebetteten Inhalt aufzeichnen, inklusive deiner Interaktion mit dem eingebetteten Inhalt, falls du ein Konto hast und auf dieser Website angemeldet bist.<\/p>\n\n\n\n<h5 class=\"has-text-align-center wp-block-heading\">&nbsp;<\/h5>\n\n\n\n<address>&nbsp;<\/address>\n","protected":false},"excerpt":{"rendered":"<p><a href=\"https:\/\/womensvoice-neulussheim.de\/blog\/kontakt\/\" class=\"more-link\"><span class=\"readmore\">Weiterlesen&#8230;<span class=\"screen-reader-text\">Kontakt \/ Impressum<\/span><\/span><\/a><\/p>\n","protected":false},"author":2,"featured_media":0,"parent":0,"menu_order":0,"comment_status":"closed","ping_status":"closed","template":"","meta":{"footnotes":""},"class_list":["post-84","page","type-page","status-publish","hentry"],"_links":{"self":[{"href":"https:\/\/womensvoice-neulussheim.de\/blog\/wp-json\/wp\/v2\/pages\/84","targetHints":{"allow":["GET"]}}],"collection":[{"href":"https:\/\/womensvoice-neulussheim.de\/blog\/wp-json\/wp\/v2\/pages"}],"about":[{"href":"https:\/\/womensvoice-neulussheim.de\/blog\/wp-json\/wp\/v2\/types\/page"}],"author":[{"embeddable":true,"href":"https:\/\/womensvoice-neulussheim.de\/blog\/wp-json\/wp\/v2\/users\/2"}],"replies":[{"embeddable":true,"href":"https:\/\/womensvoice-neulussheim.de\/blog\/wp-json\/wp\/v2\/comments?post=84"}],"version-history":[{"count":56,"href":"https:\/\/womensvoice-neulussheim.de\/blog\/wp-json\/wp\/v2\/pages\/84\/revisions"}],"predecessor-version":[{"id":5781,"href":"https:\/\/womensvoice-neulussheim.de\/blog\/wp-json\/wp\/v2\/pages\/84\/revisions\/5781"}],"wp:attachment":[{"href":"https:\/\/womensvoice-neulussheim.de\/blog\/wp-json\/wp\/v2\/media?parent=84"}],"curies":[{"name":"wp","href":"https:\/\/api.w.org\/{rel}","templated":true}]}}